{"id":19,"date":"2022-08-26T15:34:42","date_gmt":"2022-08-26T13:34:42","guid":{"rendered":"http:\/\/rsmontreuil.fr\/?page_id=19"},"modified":"2023-12-06T12:53:22","modified_gmt":"2023-12-06T11:53:22","slug":"bonne-annee-2023-%f0%9f%8e%89","status":"publish","type":"page","link":"http:\/\/rsmontreuil.fr\/","title":{"rendered":"Roller Skating Montreuillois"},"content":{"rendered":"\n<p>Tous les membres du Roller Skating Montreuillois vous souhaitent la bienvenue sur notre site internet ! Vous y trouverez les actualit\u00e9s de nos diff\u00e9rentes sections. <\/p>\n\n\n\n<h2 class=\"wp-block-heading has-text-align-center has-accent-background-color has-text-color has-background has-link-color has-normal-font-size wp-elements-9c94c656588333e56721c23ce30497e9\" style=\"color:#fefefe\">DERNI\u00c8RES ACTUALIT\u00c9S  <\/h2>\n\n\n<ul class=\"wp-block-latest-posts__list is-grid columns-3 aligncenter wp-block-latest-posts\"><li><div class=\"wp-block-latest-posts__featured-image\"><img loading=\"lazy\" decoding=\"async\" width=\"580\" height=\"580\" src=\"http:\/\/rsmontreuil.fr\/wp-content\/uploads\/2024\/06\/448768214_781721140736354_2582102547857173597_n-1024x1024.jpg\" class=\"attachment-large size-large wp-post-image\" alt=\"\" style=\"\" srcset=\"http:\/\/rsmontreuil.fr\/wp-content\/uploads\/2024\/06\/448768214_781721140736354_2582102547857173597_n-1024x1024.jpg 1024w, http:\/\/rsmontreuil.fr\/wp-content\/uploads\/2024\/06\/448768214_781721140736354_2582102547857173597_n-300x300.jpg 300w, http:\/\/rsmontreuil.fr\/wp-content\/uploads\/2024\/06\/448768214_781721140736354_2582102547857173597_n-150x150.jpg 150w, http:\/\/rsmontreuil.fr\/wp-content\/uploads\/2024\/06\/448768214_781721140736354_2582102547857173597_n-768x768.jpg 768w, http:\/\/rsmontreuil.fr\/wp-content\/uploads\/2024\/06\/448768214_781721140736354_2582102547857173597_n-1200x1200.jpg 1200w, http:\/\/rsmontreuil.fr\/wp-content\/uploads\/2024\/06\/448768214_781721140736354_2582102547857173597_n-e1718812661309.jpg 200w\" sizes=\"auto, (max-width: 580px) 100vw, 580px\" \/><\/div><a class=\"wp-block-latest-posts__post-title\" href=\"http:\/\/rsmontreuil.fr\/index.php\/2024\/06\/19\/au-revoir-yoro\/\">Au revoir Yoro<\/a><div class=\"wp-block-latest-posts__post-excerpt\">Le Roller Skating Montreuillois a la douleur de vous faire part de la disparition de Yoro Sidib\u00e9. Yoro avait rejoint\u2026 <a class=\"wp-block-latest-posts__read-more\" href=\"http:\/\/rsmontreuil.fr\/index.php\/2024\/06\/19\/au-revoir-yoro\/\" rel=\"noopener noreferrer\">Read more<span class=\"screen-reader-text\">: Au revoir Yoro<\/span><\/a><\/div><\/li>\n<li><div class=\"wp-block-latest-posts__featured-image\"><img loading=\"lazy\" decoding=\"async\" width=\"580\" height=\"417\" src=\"http:\/\/rsmontreuil.fr\/wp-content\/uploads\/2024\/02\/DSC01383.JPG-1024x737.jpg\" class=\"attachment-large size-large wp-post-image\" alt=\"\" style=\"\" srcset=\"http:\/\/rsmontreuil.fr\/wp-content\/uploads\/2024\/02\/DSC01383.JPG-1024x737.jpg 1024w, http:\/\/rsmontreuil.fr\/wp-content\/uploads\/2024\/02\/DSC01383.JPG-scaled-e1709134922943.jpg 300w, http:\/\/rsmontreuil.fr\/wp-content\/uploads\/2024\/02\/DSC01383.JPG-768x553.jpg 768w, http:\/\/rsmontreuil.fr\/wp-content\/uploads\/2024\/02\/DSC01383.JPG-1536x1106.jpg 1536w, http:\/\/rsmontreuil.fr\/wp-content\/uploads\/2024\/02\/DSC01383.JPG-2048x1474.jpg 2048w, http:\/\/rsmontreuil.fr\/wp-content\/uploads\/2024\/02\/DSC01383.JPG-1200x864.jpg 1200w, http:\/\/rsmontreuil.fr\/wp-content\/uploads\/2024\/02\/DSC01383.JPG-1980x1425.jpg 1980w\" sizes=\"auto, (max-width: 580px) 100vw, 580px\" \/><\/div><a class=\"wp-block-latest-posts__post-title\" href=\"http:\/\/rsmontreuil.fr\/index.php\/2024\/02\/28\/challenge-roller-kids-etape-1\/\">Challenge Roller Kids &#8211; Etape 1<\/a><div class=\"wp-block-latest-posts__post-excerpt\">11 des enfants de l\u2019\u00e9cole de patinage du club de Rollers Skating Montreuil ont particip\u00e9 \u00e0 la premi\u00e8re \u00e9tape du\u2026 <a class=\"wp-block-latest-posts__read-more\" href=\"http:\/\/rsmontreuil.fr\/index.php\/2024\/02\/28\/challenge-roller-kids-etape-1\/\" rel=\"noopener noreferrer\">Read more<span class=\"screen-reader-text\">: Challenge Roller Kids &#8211; Etape 1<\/span><\/a><\/div><\/li>\n<li><div class=\"wp-block-latest-posts__featured-image\"><img loading=\"lazy\" decoding=\"async\" width=\"580\" height=\"326\" src=\"http:\/\/rsmontreuil.fr\/wp-content\/uploads\/2024\/02\/422304716_885447733590562_7927372002528856337_n-1024x576.jpg\" class=\"attachment-large size-large wp-post-image\" alt=\"\" style=\"\" srcset=\"http:\/\/rsmontreuil.fr\/wp-content\/uploads\/2024\/02\/422304716_885447733590562_7927372002528856337_n-1024x576.jpg 1024w, http:\/\/rsmontreuil.fr\/wp-content\/uploads\/2024\/02\/422304716_885447733590562_7927372002528856337_n-300x169.jpg 300w, http:\/\/rsmontreuil.fr\/wp-content\/uploads\/2024\/02\/422304716_885447733590562_7927372002528856337_n-768x432.jpg 768w, http:\/\/rsmontreuil.fr\/wp-content\/uploads\/2024\/02\/422304716_885447733590562_7927372002528856337_n-1536x864.jpg 1536w, http:\/\/rsmontreuil.fr\/wp-content\/uploads\/2024\/02\/422304716_885447733590562_7927372002528856337_n-1200x675.jpg 1200w, http:\/\/rsmontreuil.fr\/wp-content\/uploads\/2024\/02\/422304716_885447733590562_7927372002528856337_n-e1709134077950.jpg 1000w\" sizes=\"auto, (max-width: 580px) 100vw, 580px\" \/><\/div><a class=\"wp-block-latest-posts__post-title\" href=\"http:\/\/rsmontreuil.fr\/index.php\/2024\/02\/28\/tournoi-de-roller-derby-au-gymnase-rene-doriant\/\">Tournoi de Roller Derby au Gymnase Ren\u00e9 Doriant<\/a><div class=\"wp-block-latest-posts__post-excerpt\">Le 25 f\u00e9vrier, Ren\u00e9 Doriant est devenu le th\u00e9\u00e2tre d&#8217;une romance sur patins avec un tournoi amical de Roller Derby\u2026 <a class=\"wp-block-latest-posts__read-more\" href=\"http:\/\/rsmontreuil.fr\/index.php\/2024\/02\/28\/tournoi-de-roller-derby-au-gymnase-rene-doriant\/\" rel=\"noopener noreferrer\">Read more<span class=\"screen-reader-text\">: Tournoi de Roller Derby au Gymnase Ren\u00e9 Doriant<\/span><\/a><\/div><\/li>\n<li><div class=\"wp-block-latest-posts__featured-image\"><img loading=\"lazy\" decoding=\"async\" width=\"580\" height=\"429\" src=\"http:\/\/rsmontreuil.fr\/wp-content\/uploads\/2024\/02\/419892882_759267849555133_7287346791075819924_n-1024x757.jpg\" class=\"attachment-large size-large wp-post-image\" alt=\"\" style=\"\" srcset=\"http:\/\/rsmontreuil.fr\/wp-content\/uploads\/2024\/02\/419892882_759267849555133_7287346791075819924_n-1024x757.jpg 1024w, http:\/\/rsmontreuil.fr\/wp-content\/uploads\/2024\/02\/419892882_759267849555133_7287346791075819924_n-300x222.jpg 300w, http:\/\/rsmontreuil.fr\/wp-content\/uploads\/2024\/02\/419892882_759267849555133_7287346791075819924_n-768x568.jpg 768w, http:\/\/rsmontreuil.fr\/wp-content\/uploads\/2024\/02\/419892882_759267849555133_7287346791075819924_n-1200x888.jpg 1200w, http:\/\/rsmontreuil.fr\/wp-content\/uploads\/2024\/02\/419892882_759267849555133_7287346791075819924_n-e1709133266965.jpg 700w\" sizes=\"auto, (max-width: 580px) 100vw, 580px\" \/><\/div><a class=\"wp-block-latest-posts__post-title\" href=\"http:\/\/rsmontreuil.fr\/index.php\/2024\/02\/28\/resultats-des-championnats-regionaux-de-roller-hockey\/\">R\u00e9sultats des Championnats r\u00e9gionaux de Roller Hockey<\/a><div class=\"wp-block-latest-posts__post-excerpt\">L&#8217;\u00e9quipe de Roller Hockey Montreuilloise continue sa saison et enchaine les rencontres sportives. Voici les r\u00e9sultats des derniers matchs du\u2026 <a class=\"wp-block-latest-posts__read-more\" href=\"http:\/\/rsmontreuil.fr\/index.php\/2024\/02\/28\/resultats-des-championnats-regionaux-de-roller-hockey\/\" rel=\"noopener noreferrer\">Read more<span class=\"screen-reader-text\">: R\u00e9sultats des Championnats r\u00e9gionaux de Roller Hockey<\/span><\/a><\/div><\/li>\n<li><div class=\"wp-block-latest-posts__featured-image\"><img loading=\"lazy\" decoding=\"async\" width=\"580\" height=\"387\" src=\"http:\/\/rsmontreuil.fr\/wp-content\/uploads\/2024\/02\/422111821_884551903680145_6897663128532709511_n-e1709132604833.jpg\" class=\"attachment-large size-large wp-post-image\" alt=\"\" style=\"\" \/><\/div><a class=\"wp-block-latest-posts__post-title\" href=\"http:\/\/rsmontreuil.fr\/index.php\/2024\/02\/28\/les-nasty-pecheresses-organisent-la-2eme-etape-des-championnats-n2-a-domicile\/\">Les Nasty P\u00eacheresses organisent les championnats N2 \u00e0 domicile<\/a><div class=\"wp-block-latest-posts__post-excerpt\">Les 13 &amp; 14 janvier a eu lieu la deuxi\u00e8me \u00e9tape des Championnats de France Nationale 2. Et ce sont\u2026 <a class=\"wp-block-latest-posts__read-more\" href=\"http:\/\/rsmontreuil.fr\/index.php\/2024\/02\/28\/les-nasty-pecheresses-organisent-la-2eme-etape-des-championnats-n2-a-domicile\/\" rel=\"noopener noreferrer\">Read more<span class=\"screen-reader-text\">: Les Nasty P\u00eacheresses organisent les championnats N2 \u00e0 domicile<\/span><\/a><\/div><\/li>\n<li><div class=\"wp-block-latest-posts__featured-image\"><img loading=\"lazy\" decoding=\"async\" width=\"580\" height=\"344\" src=\"http:\/\/rsmontreuil.fr\/wp-content\/uploads\/2023\/12\/IMG-20221218-WA0001-1024x608.jpg\" class=\"attachment-large size-large wp-post-image\" alt=\"\" style=\"\" srcset=\"http:\/\/rsmontreuil.fr\/wp-content\/uploads\/2023\/12\/IMG-20221218-WA0001-1024x608.jpg 1024w, http:\/\/rsmontreuil.fr\/wp-content\/uploads\/2023\/12\/IMG-20221218-WA0001-300x178.jpg 300w, http:\/\/rsmontreuil.fr\/wp-content\/uploads\/2023\/12\/IMG-20221218-WA0001-768x456.jpg 768w, http:\/\/rsmontreuil.fr\/wp-content\/uploads\/2023\/12\/IMG-20221218-WA0001-1536x912.jpg 1536w, http:\/\/rsmontreuil.fr\/wp-content\/uploads\/2023\/12\/IMG-20221218-WA0001-1200x713.jpg 1200w, http:\/\/rsmontreuil.fr\/wp-content\/uploads\/2023\/12\/IMG-20221218-WA0001-1980x1176.jpg 1980w, http:\/\/rsmontreuil.fr\/wp-content\/uploads\/2023\/12\/IMG-20221218-WA0001-e1701457614144.jpg 200w\" sizes=\"auto, (max-width: 580px) 100vw, 580px\" \/><\/div><a class=\"wp-block-latest-posts__post-title\" href=\"http:\/\/rsmontreuil.fr\/index.php\/2023\/12\/01\/une-rentree-intense-pour-les-iroquois\/\">Une rentr\u00e9e intense pour Le Roller Hockey<\/a><div class=\"wp-block-latest-posts__post-excerpt\">L&#8217;\u00e9quipe de Roller hockey montreuilloise a bien entam\u00e9 sa saison ! Engag\u00e9s dans le Championnat R\u00e9gional d&#8217;Ile de France, les\u2026 <a class=\"wp-block-latest-posts__read-more\" href=\"http:\/\/rsmontreuil.fr\/index.php\/2023\/12\/01\/une-rentree-intense-pour-les-iroquois\/\" rel=\"noopener noreferrer\">Read more<span class=\"screen-reader-text\">: Une rentr\u00e9e intense pour Le Roller Hockey<\/span><\/a><\/div><\/li>\n<li><div class=\"wp-block-latest-posts__featured-image\"><img loading=\"lazy\" decoding=\"async\" width=\"580\" height=\"386\" src=\"http:\/\/rsmontreuil.fr\/wp-content\/uploads\/2023\/11\/406338005_7826919973985675_4465524676849509523_n-1024x682.jpg\" class=\"attachment-large size-large wp-post-image\" alt=\"\" style=\"\" srcset=\"http:\/\/rsmontreuil.fr\/wp-content\/uploads\/2023\/11\/406338005_7826919973985675_4465524676849509523_n-1024x682.jpg 1024w, http:\/\/rsmontreuil.fr\/wp-content\/uploads\/2023\/11\/406338005_7826919973985675_4465524676849509523_n-300x200.jpg 300w, http:\/\/rsmontreuil.fr\/wp-content\/uploads\/2023\/11\/406338005_7826919973985675_4465524676849509523_n-768x512.jpg 768w, http:\/\/rsmontreuil.fr\/wp-content\/uploads\/2023\/11\/406338005_7826919973985675_4465524676849509523_n-1536x1024.jpg 1536w, http:\/\/rsmontreuil.fr\/wp-content\/uploads\/2023\/11\/406338005_7826919973985675_4465524676849509523_n-1200x800.jpg 1200w, http:\/\/rsmontreuil.fr\/wp-content\/uploads\/2023\/11\/406338005_7826919973985675_4465524676849509523_n.jpg 1556w\" sizes=\"auto, (max-width: 580px) 100vw, 580px\" \/><\/div><a class=\"wp-block-latest-posts__post-title\" href=\"http:\/\/rsmontreuil.fr\/index.php\/2023\/11\/30\/championnats-n2-roller-derby\/\">Championnats N2 &#8211; Roller Derby<\/a><div class=\"wp-block-latest-posts__post-excerpt\">Les 25 et 26 novembre 2023, \u00e0 Orl\u00e9ans, a eu lieu la premi\u00e8re \u00e9tape de championnats Nationale 2 pour l&#8217;Entourloupe\u2026 <a class=\"wp-block-latest-posts__read-more\" href=\"http:\/\/rsmontreuil.fr\/index.php\/2023\/11\/30\/championnats-n2-roller-derby\/\" rel=\"noopener noreferrer\">Read more<span class=\"screen-reader-text\">: Championnats N2 &#8211; Roller Derby<\/span><\/a><\/div><\/li>\n<li><div class=\"wp-block-latest-posts__featured-image\"><img loading=\"lazy\" decoding=\"async\" width=\"580\" height=\"343\" src=\"http:\/\/rsmontreuil.fr\/wp-content\/uploads\/2023\/11\/400452071_834369495365053_2339562320415596339_n.jpg\" class=\"attachment-large size-large wp-post-image\" alt=\"\" style=\"\" \/><\/div><a class=\"wp-block-latest-posts__post-title\" href=\"http:\/\/rsmontreuil.fr\/index.php\/2023\/11\/30\/championnats-n1\/\">Championnats N1 &#8211; Roller Derby<\/a><div class=\"wp-block-latest-posts__post-excerpt\">La Scandale, \u00e9quipe de Nationale 1 des Nasty P\u00eacheresses, s&#8217;est rendue \u00e0 Lyon les 4 et 5 novembre 2023 pour\u2026 <a class=\"wp-block-latest-posts__read-more\" href=\"http:\/\/rsmontreuil.fr\/index.php\/2023\/11\/30\/championnats-n1\/\" rel=\"noopener noreferrer\">Read more<span class=\"screen-reader-text\">: Championnats N1 &#8211; Roller Derby<\/span><\/a><\/div><\/li>\n<li><div class=\"wp-block-latest-posts__featured-image\"><img loading=\"lazy\" decoding=\"async\" width=\"580\" height=\"326\" src=\"http:\/\/rsmontreuil.fr\/wp-content\/uploads\/2023\/11\/398288162_828794389255897_6564924208229113111_n-edited-1024x576.jpg\" class=\"attachment-large size-large wp-post-image\" alt=\"\" style=\"\" srcset=\"http:\/\/rsmontreuil.fr\/wp-content\/uploads\/2023\/11\/398288162_828794389255897_6564924208229113111_n-edited-1024x576.jpg 1024w, http:\/\/rsmontreuil.fr\/wp-content\/uploads\/2023\/11\/398288162_828794389255897_6564924208229113111_n-edited-300x169.jpg 300w, http:\/\/rsmontreuil.fr\/wp-content\/uploads\/2023\/11\/398288162_828794389255897_6564924208229113111_n-edited-768x432.jpg 768w, http:\/\/rsmontreuil.fr\/wp-content\/uploads\/2023\/11\/398288162_828794389255897_6564924208229113111_n-edited-e1701458317827.jpg 1080w\" sizes=\"auto, (max-width: 580px) 100vw, 580px\" \/><\/div><a class=\"wp-block-latest-posts__post-title\" href=\"http:\/\/rsmontreuil.fr\/index.php\/2023\/11\/30\/les-nasty-pecheresses-en-angleterre\/\">Les Nasty P\u00eacheresses en Angleterre<\/a><div class=\"wp-block-latest-posts__post-excerpt\">Les 28 et 29 octobre 2023, la Scandale (\u00e9quipe A des Nasty P\u00eacheresses) s&#8217;est rendue sur les terres anglaises pour\u2026 <a class=\"wp-block-latest-posts__read-more\" href=\"http:\/\/rsmontreuil.fr\/index.php\/2023\/11\/30\/les-nasty-pecheresses-en-angleterre\/\" rel=\"noopener noreferrer\">Read more<span class=\"screen-reader-text\">: Les Nasty P\u00eacheresses en Angleterre<\/span><\/a><\/div><\/li>\n<li><div class=\"wp-block-latest-posts__featured-image\"><img loading=\"lazy\" decoding=\"async\" width=\"580\" height=\"327\" src=\"http:\/\/rsmontreuil.fr\/wp-content\/uploads\/2023\/03\/331394521_885598195860975_3842730564751180556_n-1024x577.jpg\" class=\"attachment-large size-large wp-post-image\" alt=\"\" style=\"\" srcset=\"http:\/\/rsmontreuil.fr\/wp-content\/uploads\/2023\/03\/331394521_885598195860975_3842730564751180556_n-1024x577.jpg 1024w, http:\/\/rsmontreuil.fr\/wp-content\/uploads\/2023\/03\/331394521_885598195860975_3842730564751180556_n-300x169.jpg 300w, http:\/\/rsmontreuil.fr\/wp-content\/uploads\/2023\/03\/331394521_885598195860975_3842730564751180556_n-768x433.jpg 768w, http:\/\/rsmontreuil.fr\/wp-content\/uploads\/2023\/03\/331394521_885598195860975_3842730564751180556_n-1536x865.jpg 1536w, http:\/\/rsmontreuil.fr\/wp-content\/uploads\/2023\/03\/331394521_885598195860975_3842730564751180556_n-1200x676.jpg 1200w, http:\/\/rsmontreuil.fr\/wp-content\/uploads\/2023\/03\/331394521_885598195860975_3842730564751180556_n-e1701352896202.jpg 500w\" sizes=\"auto, (max-width: 580px) 100vw, 580px\" \/><\/div><a class=\"wp-block-latest-posts__post-title\" href=\"http:\/\/rsmontreuil.fr\/index.php\/2023\/03\/09\/evenement-rsm\/\">\u00c9v\u00e8nement RSM<\/a><div class=\"wp-block-latest-posts__post-excerpt\">Derbylbockey&#8211; Le RSM Roule Sur Montreuil DIMANCHE 12 MARS \u00e0 partir de 12H30 Entr\u00e9e prix libre Buvette et snack sur\u2026 <a class=\"wp-block-latest-posts__read-more\" href=\"http:\/\/rsmontreuil.fr\/index.php\/2023\/03\/09\/evenement-rsm\/\" rel=\"noopener noreferrer\">Read more<span class=\"screen-reader-text\">: \u00c9v\u00e8nement RSM<\/span><\/a><\/div><\/li>\n<li><a class=\"wp-block-latest-posts__post-title\" href=\"http:\/\/rsmontreuil.fr\/index.php\/2023\/02\/02\/dernieres-actualites-des-sections\/\">DERNI\u00c8RES ACTUALIT\u00c9S DES SECTIONS<\/a><div class=\"wp-block-latest-posts__post-excerpt\">ROLLER DERBY: La Scandale (\u00e9quipe A) a termin\u00e9e sa premi\u00e8re \u00e9tape de championnat (Nationale 1) avec une victoire contre l&#8217;\u00e9quipe\u2026 <a class=\"wp-block-latest-posts__read-more\" href=\"http:\/\/rsmontreuil.fr\/index.php\/2023\/02\/02\/dernieres-actualites-des-sections\/\" rel=\"noopener noreferrer\">Read more<span class=\"screen-reader-text\">: DERNI\u00c8RES ACTUALIT\u00c9S DES SECTIONS<\/span><\/a><\/div><\/li>\n<li><a class=\"wp-block-latest-posts__post-title\" href=\"http:\/\/rsmontreuil.fr\/index.php\/2022\/10\/01\/reprise-de-la-rando-roller-et-sportive\/\">Reprise de la rando roller et sportive !<\/a><div class=\"wp-block-latest-posts__post-excerpt\">Depuis le d\u00e9but du mois de septembre les cours de roller ont repris ! La rando Loisir est encadr\u00e9e par\u2026 <a class=\"wp-block-latest-posts__read-more\" href=\"http:\/\/rsmontreuil.fr\/index.php\/2022\/10\/01\/reprise-de-la-rando-roller-et-sportive\/\" rel=\"noopener noreferrer\">Read more<span class=\"screen-reader-text\">: Reprise de la rando roller et sportive !<\/span><\/a><\/div><\/li>\n<li><a class=\"wp-block-latest-posts__post-title\" href=\"http:\/\/rsmontreuil.fr\/index.php\/2022\/08\/26\/bonjour-tout-le-monde\/\">Nouveau site pour le RSM !<\/a><div class=\"wp-block-latest-posts__post-excerpt\">Bienvenue sur le nouveau site du RSM 2k22 !Nouveau site, nouvelle saison ! Les inscriptions et les dates de reprise\u2026 <a class=\"wp-block-latest-posts__read-more\" href=\"http:\/\/rsmontreuil.fr\/index.php\/2022\/08\/26\/bonjour-tout-le-monde\/\" rel=\"noopener noreferrer\">Read more<span class=\"screen-reader-text\">: Nouveau site pour le RSM !<\/span><\/a><\/div><\/li>\n<\/ul>","protected":false},"excerpt":{"rendered":"<p>Tous les membres du Roller Skating Montreuillois vous souhaitent la bienvenue sur notre site internet ! Vous y trouverez les actualit\u00e9s de nos diff\u00e9rentes sections. DERNI\u00c8RES ACTUALIT\u00c9S<\/p>\n","protected":false},"author":1,"featured_media":0,"parent":0,"menu_order":0,"comment_status":"closed","ping_status":"closed","template":"","meta":{"footnotes":""},"class_list":["post-19","page","type-page","status-publish","hentry"],"_links":{"self":[{"href":"http:\/\/rsmontreuil.fr\/index.php\/wp-json\/wp\/v2\/pages\/19","targetHints":{"allow":["GET"]}}],"collection":[{"href":"http:\/\/rsmontreuil.fr\/index.php\/wp-json\/wp\/v2\/pages"}],"about":[{"href":"http:\/\/rsmontreuil.fr\/index.php\/wp-json\/wp\/v2\/types\/page"}],"author":[{"embeddable":true,"href":"http:\/\/rsmontreuil.fr\/index.php\/wp-json\/wp\/v2\/users\/1"}],"replies":[{"embeddable":true,"href":"http:\/\/rsmontreuil.fr\/index.php\/wp-json\/wp\/v2\/comments?post=19"}],"version-history":[{"count":28,"href":"http:\/\/rsmontreuil.fr\/index.php\/wp-json\/wp\/v2\/pages\/19\/revisions"}],"predecessor-version":[{"id":301,"href":"http:\/\/rsmontreuil.fr\/index.php\/wp-json\/wp\/v2\/pages\/19\/revisions\/301"}],"wp:attachment":[{"href":"http:\/\/rsmontreuil.fr\/index.php\/wp-json\/wp\/v2\/media?parent=19"}],"curies":[{"name":"wp","href":"https:\/\/api.w.org\/{rel}","templated":true}]}}