{"id":7,"date":"2022-08-26T15:34:42","date_gmt":"2022-08-26T13:34:42","guid":{"rendered":"http:\/\/rsmontreuil.fr\/?page_id=7"},"modified":"2023-11-30T18:14:30","modified_gmt":"2023-11-30T17:14:30","slug":"contact","status":"publish","type":"page","link":"http:\/\/rsmontreuil.fr\/index.php\/contact\/","title":{"rendered":"Contact"},"content":{"rendered":"\n<h4 class=\"wp-block-heading\">Le Bureau du Roller Skating Montreuillois<\/h4>\n\n\n\n<ul class=\"wp-block-list\">\n<li>Pr\u00e9sidente : Mathilde Maurich\u00e8re <\/li>\n<\/ul>\n\n\n\n<ul class=\"wp-block-list\">\n<li>Secr\u00e9taire : Maxime Stuerga<\/li>\n<\/ul>\n\n\n\n<ul class=\"wp-block-list\">\n<li>Tr\u00e9sori\u00e8re : G\u00e9raldine Batard <\/li>\n<\/ul>\n\n\n\n<p><strong>@<\/strong> : contact@rsmontreuil.fr<\/p>\n\n\n\n<h4 class=\"wp-block-heading\">\u00c9cole de Patinage<\/h4>\n\n\n\n<p><strong>@<\/strong> : bbdulauroy@gmail.com<\/p>\n\n\n\n<h4 class=\"wp-block-heading\">Randonn\u00e9e Sportive<\/h4>\n\n\n\n<p><strong>@<\/strong> : fanfan.blondel@orange.fr<\/p>\n\n\n\n<h4 class=\"wp-block-heading\">Rando Loisir<\/h4>\n\n\n\n<p>mail@mail.com<\/p>\n\n\n\n<h4 class=\"wp-block-heading\">Hockey<\/h4>\n\n\n\n<p><strong>@<\/strong> : rollerhockeyiroquois@gmail.com<\/p>\n\n\n\n<h4 class=\"wp-block-heading\">Roller Derby<\/h4>\n\n\n\n<p class=\"has-primary-color has-text-color has-link-color wp-elements-497ae90ee115b8aa6bba80877cbaea1c\"><strong>@<\/strong> : contact.nastypecheresses@gmail.com<\/p>\n","protected":false},"excerpt":{"rendered":"<p>Le Bureau du Roller Skating Montreuillois @ : contact@rsmontreuil.fr \u00c9cole de Patinage @ : bbdulauroy@gmail.com Randonn\u00e9e Sportive @ : fanfan.blondel@orange.fr Rando Loisir mail@mail.com Hockey @ : rollerhockeyiroquois@gmail.com Roller Derby @ : contact.nastypecheresses@gmail.com<\/p>\n","protected":false},"author":1,"featured_media":0,"parent":0,"menu_order":0,"comment_status":"closed","ping_status":"closed","template":"","meta":{"footnotes":""},"class_list":["post-7","page","type-page","status-publish","hentry"],"_links":{"self":[{"href":"http:\/\/rsmontreuil.fr\/index.php\/wp-json\/wp\/v2\/pages\/7","targetHints":{"allow":["GET"]}}],"collection":[{"href":"http:\/\/rsmontreuil.fr\/index.php\/wp-json\/wp\/v2\/pages"}],"about":[{"href":"http:\/\/rsmontreuil.fr\/index.php\/wp-json\/wp\/v2\/types\/page"}],"author":[{"embeddable":true,"href":"http:\/\/rsmontreuil.fr\/index.php\/wp-json\/wp\/v2\/users\/1"}],"replies":[{"embeddable":true,"href":"http:\/\/rsmontreuil.fr\/index.php\/wp-json\/wp\/v2\/comments?post=7"}],"version-history":[{"count":12,"href":"http:\/\/rsmontreuil.fr\/index.php\/wp-json\/wp\/v2\/pages\/7\/revisions"}],"predecessor-version":[{"id":228,"href":"http:\/\/rsmontreuil.fr\/index.php\/wp-json\/wp\/v2\/pages\/7\/revisions\/228"}],"wp:attachment":[{"href":"http:\/\/rsmontreuil.fr\/index.php\/wp-json\/wp\/v2\/media?parent=7"}],"curies":[{"name":"wp","href":"https:\/\/api.w.org\/{rel}","templated":true}]}}